{"id":29,"date":"2016-08-09T07:33:50","date_gmt":"2016-08-09T07:33:50","guid":{"rendered":"https:\/\/themify.me\/demo\/themes\/ultra-restaurant\/?page_id=5628"},"modified":"2026-02-14T08:10:29","modified_gmt":"2026-02-14T08:10:29","slug":"home","status":"publish","type":"page","link":"https:\/\/bionatureflam.com\/","title":{"rendered":"Home"},"content":{"rendered":"<!--themify_builder_static--><h1>BIO NATURE FLAM<br\/>Bienvenue<\/h1>\n<p>12 Rue Du Clos Saint-Paul 95210 France<\/p> <p>TEL: 00 337 63 98 07 00<\/p>\n<a href=\"#reservation\" >\n Voir plus\n <\/a>\n<h2>Notre histoire<br\/>D\u00e9couvrir<\/h2>\n<p data-start=\"154\" data-end=\"510\"><strong data-start=\"154\" data-end=\"173\">Bio Nature Flam<\/strong> est une entreprise engag\u00e9e dans les solutions \u00e9nerg\u00e9tiques durables, install\u00e9e au <strong data-start=\"256\" data-end=\"300\">12 Rue du Clos Saint-Paul, 95210, France<\/strong>.<br data-start=\"301\" data-end=\"304\">N\u00e9e de la volont\u00e9 de valoriser les ressources naturelles et de promouvoir les \u00e9nergies renouvelables, notre soci\u00e9t\u00e9 s\u2019est sp\u00e9cialis\u00e9e dans <strong data-start=\"443\" data-end=\"509\">l\u2019importation et la distribution de b\u00fbches de grignons d\u2019olive<\/strong>.<\/p> <p data-start=\"512\" data-end=\"770\">Les b\u00fbches de grignons d\u2019olive constituent une <strong data-start=\"559\" data-end=\"617\">source d\u2019\u00e9nergie \u00e9cologique, performante et \u00e9conomique<\/strong>, issue de la valorisation des sous-produits de l\u2019ol\u00e9iculture. Elles offrent un excellent pouvoir calorifique tout en r\u00e9duisant l\u2019impact environnemental.<\/p> <p data-start=\"772\" data-end=\"1035\">Bio Nature Flam accompagne aussi bien les <strong data-start=\"814\" data-end=\"830\">particuliers<\/strong> que les <strong data-start=\"839\" data-end=\"879\">industries et les unit\u00e9s domestiques<\/strong> dans leur transition vers des modes de chauffage plus propres et responsables, tels que les po\u00eales, chaudi\u00e8res et autres syst\u00e8mes de chauffage alternatifs.<\/p> <p data-start=\"1037\" data-end=\"1174\">\u00c0 travers notre engagement, nous contribuons \u00e0 une \u00e9conomie circulaire durable, respectueuse de l\u2019environnement et tourn\u00e9e vers l\u2019avenir.<\/p>\nA propos de nous\n<img loading=\"lazy\" decoding=\"async\" src=\"http:\/\/bionatureflam.com\/wp-content\/uploads\/2026\/02\/WhatsApp-Image-2026-02-13-at-07.36.14-1.jpeg\" width=\"1080\" height=\"1080\">\n<img decoding=\"async\" src=\"http:\/\/bionatureflam.com\/wp-content\/uploads\/2026\/02\/carton.webp\">\n<img decoding=\"async\" src=\"http:\/\/bionatureflam.com\/wp-content\/uploads\/2026\/02\/buches-briquettes.webp\">\n<h2> BIO NATURE FLAM<br\/>Energie BIO<\/h2>\n<a href=\"#\"\n >\n <img loading=\"lazy\" decoding=\"async\" src=\"http:\/\/bionatureflam.com\/wp-content\/uploads\/2026\/02\/pinibriquettesgrignons.webp\" width=\"360\" height=\"275\" title=\"Pini Briquettes de grignons d&#039;olive\" alt=\"Pini Briquettes de grignons d&#039;olive\"> <\/a>\n \n \n \n <h3>\n <a href=\"#\" \n >\n Pini Briquettes de grignons d&rsquo;olive <\/a>\n <\/h3>\n<a href=\"https:\/\/bionatureflam.com\/index.php\/2026\/01\/22\/pack-3-buches-grignons-dolives-bio-nature-flam-france\/\"\n >\n <img loading=\"lazy\" decoding=\"async\" src=\"http:\/\/bionatureflam.com\/wp-content\/uploads\/2026\/02\/buches-briquettes.webp\" width=\"360\" height=\"275\" title=\"3 B\u00fbches\" alt=\"3 B\u00fbches\"> <\/a>\n \n \n \n <h3>\n <a href=\"https:\/\/bionatureflam.com\/index.php\/2026\/01\/22\/pack-3-buches-grignons-dolives-bio-nature-flam-france\/\" \n >\n 3 B\u00fbches <\/a>\n <\/h3>\n<a href=\"https:\/\/bionatureflam.com\/index.php\/2026\/01\/01\/grignons-dolive-avantages-valeurs-et-utilisations-dans-la-biomasse\/\"\n >\n <img loading=\"lazy\" decoding=\"async\" src=\"http:\/\/bionatureflam.com\/wp-content\/uploads\/2026\/02\/grignons.webp\" width=\"360\" height=\"275\" title=\"Grignons d&#039;olive\" alt=\"Grignons d&#039;olive\"> <\/a>\n \n \n \n <h3>\n <a href=\"https:\/\/bionatureflam.com\/index.php\/2026\/01\/01\/grignons-dolive-avantages-valeurs-et-utilisations-dans-la-biomasse\/\" \n >\n Grignons d&rsquo;olive <\/a>\n <\/h3>\n<a href=\"https:\/\/bionatureflam.com\/index.php\/2026\/01\/10\/buche-en-carton\/\"\n >\n <img loading=\"lazy\" decoding=\"async\" src=\"http:\/\/bionatureflam.com\/wp-content\/uploads\/2026\/02\/carton11.webp\" width=\"360\" height=\"275\" title=\"B\u00fbches en carton\" alt=\"B\u00fbches en carton\"> <\/a>\n \n \n \n <h3>\n <a href=\"https:\/\/bionatureflam.com\/index.php\/2026\/01\/10\/buche-en-carton\/\" \n >\n B\u00fbches en carton <\/a>\n <\/h3>\n<a href=\"https:\/\/bionatureflam.com\/index.php\/2026\/01\/02\/buche-de-nuit\/\"\n >\n <img loading=\"lazy\" decoding=\"async\" src=\"http:\/\/bionatureflam.com\/wp-content\/uploads\/2026\/02\/buchebriquettes.webp\" width=\"360\" height=\"275\" title=\"Briquettes de grignons d&#039;olives\" alt=\"Briquettes de grignons d&#039;olives\"> <\/a>\n \n \n \n <h3>\n <a href=\"https:\/\/bionatureflam.com\/index.php\/2026\/01\/02\/buche-de-nuit\/\" \n >\n Briquettes de grignons d&rsquo;olives <\/a>\n <\/h3>\n<a href=\"#\"\n >\n <img loading=\"lazy\" decoding=\"async\" src=\"http:\/\/bionatureflam.com\/wp-content\/uploads\/2026\/02\/01-scaled.jpg\" width=\"360\" height=\"275\" title=\"Briquettes de Grignons d&#039;olives\" alt=\"Briquettes de Grignons d&#039;olives\"> <\/a>\n \n \n \n <h3>\n <a href=\"#\" \n >\n Briquettes de Grignons d&rsquo;olives <\/a>\n <\/h3>\nNos Produits\n<h2> Nouveaut\u00e9 &#038; promotion<br\/><\/h2>\n<a href=\"#\" >\n en savoir plus\n <\/a>\n<h1> Contactez-nous<br\/>Bio Nature Flam<\/h1>\n<h2>00 337 63 98 07 00<\/h2>\n<a href=\"#\" >\n Contact\n <\/a><!--\/themify_builder_static--> <!-- wp:themify-builder\/canvas \/-->","protected":false},"excerpt":{"rendered":"<p>BIO NATURE FLAMBienvenue 12 Rue Du Clos Saint-Paul 95210 France TEL: 00 337 63 98 07 00 Voir plus Notre histoireD\u00e9couvrir Bio Nature Flam est une entreprise engag\u00e9e dans les solutions \u00e9nerg\u00e9tiques durables, install\u00e9e au 12 Rue du Clos Saint-Paul, 95210, France.N\u00e9e de la volont\u00e9 de valoriser les ressources naturelles et de promouvoir les \u00e9nergies [&hellip;]<\/p>\n","protected":false},"author":1,"featured_media":0,"parent":0,"menu_order":0,"comment_status":"closed","ping_status":"closed","template":"","meta":{"content-type":"","footnotes":""},"class_list":["post-29","page","type-page","status-publish","hentry","has-post-title","has-post-date","has-post-category","has-post-tag","has-post-comment","has-post-author",""],"yoast_head":"<!-- This site is optimized with the Yoast SEO Premium plugin v26.6 (Yoast SEO v26.6) - https:\/\/yoast.com\/wordpress\/plugins\/seo\/ -->\n<title>B\u00fbches de grignons d\u2019olives \u00e9cologiques | BioNature Flam France<\/title>\n<meta name=\"description\" content=\"b % ioNature Flam France propose des b\u00fbches de grignons d\u2019olives \u00e9cologiques, performantes et \u00e9conomiques pour le chauffage naturel et durable\" \/>\n<meta name=\"robots\" content=\"index, follow, max-snippet:-1, max-image-preview:large, max-video-preview:-1\" \/>\n<link rel=\"canonical\" href=\"http:\/\/bionatureflam.com\/\" \/>\n<meta property=\"og:locale\" content=\"fr_FR\" \/>\n<meta property=\"og:type\" content=\"article\" \/>\n<meta property=\"og:title\" content=\"Home\" \/>\n<meta property=\"og:description\" content=\"b % ioNature Flam France propose des b\u00fbches de grignons d\u2019olives \u00e9cologiques, performantes et \u00e9conomiques pour le chauffage naturel et durable\" \/>\n<meta property=\"og:url\" content=\"http:\/\/bionatureflam.com\/\" \/>\n<meta property=\"article:modified_time\" content=\"2026-02-14T08:10:29+00:00\" \/>\n<meta property=\"og:image\" content=\"http:\/\/bionatureflam.com\/wp-content\/uploads\/2026\/02\/WhatsApp-Image-2026-02-13-at-07.36.14-1.jpeg\" \/>\n<meta name=\"twitter:card\" content=\"summary_large_image\" \/>\n<meta name=\"twitter:label1\" content=\"Dur\u00e9e de lecture estim\u00e9e\" \/>\n\t<meta name=\"twitter:data1\" content=\"6 minutes\" \/>\n<script type=\"application\/ld+json\" class=\"yoast-schema-graph\">{\"@context\":\"https:\/\/schema.org\",\"@graph\":[{\"@type\":\"WebPage\",\"@id\":\"http:\/\/bionatureflam.com\/\",\"url\":\"http:\/\/bionatureflam.com\/\",\"name\":\"B\u00fbches de grignons d\u2019olives \u00e9cologiques | BioNature Flam France\",\"isPartOf\":{\"@id\":\"http:\/\/bionatureflam.com\/#website\"},\"primaryImageOfPage\":{\"@id\":\"http:\/\/bionatureflam.com\/#primaryimage\"},\"image\":{\"@id\":\"http:\/\/bionatureflam.com\/#primaryimage\"},\"thumbnailUrl\":\"http:\/\/bionatureflam.com\/wp-content\/uploads\/2026\/02\/WhatsApp-Image-2026-02-13-at-07.36.14-1.jpeg\",\"datePublished\":\"2016-08-09T07:33:50+00:00\",\"dateModified\":\"2026-02-14T08:10:29+00:00\",\"description\":\"b % ioNature Flam France propose des b\u00fbches de grignons d\u2019olives \u00e9cologiques, performantes et \u00e9conomiques pour le chauffage naturel et durable\",\"breadcrumb\":{\"@id\":\"http:\/\/bionatureflam.com\/#breadcrumb\"},\"inLanguage\":\"fr-FR\",\"potentialAction\":[{\"@type\":\"ReadAction\",\"target\":[\"http:\/\/bionatureflam.com\/\"]}]},{\"@type\":\"ImageObject\",\"inLanguage\":\"fr-FR\",\"@id\":\"http:\/\/bionatureflam.com\/#primaryimage\",\"url\":\"https:\/\/bionatureflam.com\/wp-content\/uploads\/2026\/02\/WhatsApp-Image-2026-02-13-at-07.36.14-1.jpeg\",\"contentUrl\":\"https:\/\/bionatureflam.com\/wp-content\/uploads\/2026\/02\/WhatsApp-Image-2026-02-13-at-07.36.14-1.jpeg\",\"width\":1080,\"height\":1080},{\"@type\":\"BreadcrumbList\",\"@id\":\"http:\/\/bionatureflam.com\/#breadcrumb\",\"itemListElement\":[{\"@type\":\"ListItem\",\"position\":1,\"name\":\"Home\",\"item\":\"http:\/\/bionatureflam.com\/\"},{\"@type\":\"ListItem\",\"position\":2,\"name\":\"Home\"}]},{\"@type\":\"WebSite\",\"@id\":\"http:\/\/bionatureflam.com\/#website\",\"url\":\"http:\/\/bionatureflam.com\/\",\"name\":\"\",\"description\":\"\",\"potentialAction\":[{\"@type\":\"SearchAction\",\"target\":{\"@type\":\"EntryPoint\",\"urlTemplate\":\"http:\/\/bionatureflam.com\/?s={search_term_string}\"},\"query-input\":{\"@type\":\"PropertyValueSpecification\",\"valueRequired\":true,\"valueName\":\"search_term_string\"}}],\"inLanguage\":\"fr-FR\"}]}<\/script>\n<!-- \/ Yoast SEO Premium plugin. -->","yoast_head_json":{"title":"B\u00fbches de grignons d\u2019olives \u00e9cologiques | BioNature Flam France","description":"b % ioNature Flam France propose des b\u00fbches de grignons d\u2019olives \u00e9cologiques, performantes et \u00e9conomiques pour le chauffage naturel et durable","robots":{"index":"index","follow":"follow","max-snippet":"max-snippet:-1","max-image-preview":"max-image-preview:large","max-video-preview":"max-video-preview:-1"},"canonical":"http:\/\/bionatureflam.com\/","og_locale":"fr_FR","og_type":"article","og_title":"Home","og_description":"b % ioNature Flam France propose des b\u00fbches de grignons d\u2019olives \u00e9cologiques, performantes et \u00e9conomiques pour le chauffage naturel et durable","og_url":"http:\/\/bionatureflam.com\/","article_modified_time":"2026-02-14T08:10:29+00:00","og_image":[{"url":"http:\/\/bionatureflam.com\/wp-content\/uploads\/2026\/02\/WhatsApp-Image-2026-02-13-at-07.36.14-1.jpeg","type":"","width":"","height":""}],"twitter_card":"summary_large_image","twitter_misc":{"Dur\u00e9e de lecture estim\u00e9e":"6 minutes"},"schema":{"@context":"https:\/\/schema.org","@graph":[{"@type":"WebPage","@id":"http:\/\/bionatureflam.com\/","url":"http:\/\/bionatureflam.com\/","name":"B\u00fbches de grignons d\u2019olives \u00e9cologiques | BioNature Flam France","isPartOf":{"@id":"http:\/\/bionatureflam.com\/#website"},"primaryImageOfPage":{"@id":"http:\/\/bionatureflam.com\/#primaryimage"},"image":{"@id":"http:\/\/bionatureflam.com\/#primaryimage"},"thumbnailUrl":"http:\/\/bionatureflam.com\/wp-content\/uploads\/2026\/02\/WhatsApp-Image-2026-02-13-at-07.36.14-1.jpeg","datePublished":"2016-08-09T07:33:50+00:00","dateModified":"2026-02-14T08:10:29+00:00","description":"b % ioNature Flam France propose des b\u00fbches de grignons d\u2019olives \u00e9cologiques, performantes et \u00e9conomiques pour le chauffage naturel et durable","breadcrumb":{"@id":"http:\/\/bionatureflam.com\/#breadcrumb"},"inLanguage":"fr-FR","potentialAction":[{"@type":"ReadAction","target":["http:\/\/bionatureflam.com\/"]}]},{"@type":"ImageObject","inLanguage":"fr-FR","@id":"http:\/\/bionatureflam.com\/#primaryimage","url":"https:\/\/bionatureflam.com\/wp-content\/uploads\/2026\/02\/WhatsApp-Image-2026-02-13-at-07.36.14-1.jpeg","contentUrl":"https:\/\/bionatureflam.com\/wp-content\/uploads\/2026\/02\/WhatsApp-Image-2026-02-13-at-07.36.14-1.jpeg","width":1080,"height":1080},{"@type":"BreadcrumbList","@id":"http:\/\/bionatureflam.com\/#breadcrumb","itemListElement":[{"@type":"ListItem","position":1,"name":"Home","item":"http:\/\/bionatureflam.com\/"},{"@type":"ListItem","position":2,"name":"Home"}]},{"@type":"WebSite","@id":"http:\/\/bionatureflam.com\/#website","url":"http:\/\/bionatureflam.com\/","name":"","description":"","potentialAction":[{"@type":"SearchAction","target":{"@type":"EntryPoint","urlTemplate":"http:\/\/bionatureflam.com\/?s={search_term_string}"},"query-input":{"@type":"PropertyValueSpecification","valueRequired":true,"valueName":"search_term_string"}}],"inLanguage":"fr-FR"}]}},"jetpack_sharing_enabled":true,"builder_content":"<h1>BIO NATURE FLAM<br\/>Bienvenue<\/h1>\n<p>12 Rue Du Clos Saint-Paul 95210 France<\/p> <p>TEL: 00 337 63 98 07 00<\/p>\n<a href=\"#reservation\" >\n Voir plus\n <\/a>\n<h2>Notre histoire<br\/>D\u00e9couvrir<\/h2>\n<p data-start=\"154\" data-end=\"510\"><strong data-start=\"154\" data-end=\"173\">Bio Nature Flam<\/strong> est une entreprise engag\u00e9e dans les solutions \u00e9nerg\u00e9tiques durables, install\u00e9e au <strong data-start=\"256\" data-end=\"300\">12 Rue du Clos Saint-Paul, 95210, France<\/strong>.<br data-start=\"301\" data-end=\"304\">N\u00e9e de la volont\u00e9 de valoriser les ressources naturelles et de promouvoir les \u00e9nergies renouvelables, notre soci\u00e9t\u00e9 s\u2019est sp\u00e9cialis\u00e9e dans <strong data-start=\"443\" data-end=\"509\">l\u2019importation et la distribution de b\u00fbches de grignons d\u2019olive<\/strong>.<\/p> <p data-start=\"512\" data-end=\"770\">Les b\u00fbches de grignons d\u2019olive constituent une <strong data-start=\"559\" data-end=\"617\">source d\u2019\u00e9nergie \u00e9cologique, performante et \u00e9conomique<\/strong>, issue de la valorisation des sous-produits de l\u2019ol\u00e9iculture. Elles offrent un excellent pouvoir calorifique tout en r\u00e9duisant l\u2019impact environnemental.<\/p> <p data-start=\"772\" data-end=\"1035\">Bio Nature Flam accompagne aussi bien les <strong data-start=\"814\" data-end=\"830\">particuliers<\/strong> que les <strong data-start=\"839\" data-end=\"879\">industries et les unit\u00e9s domestiques<\/strong> dans leur transition vers des modes de chauffage plus propres et responsables, tels que les po\u00eales, chaudi\u00e8res et autres syst\u00e8mes de chauffage alternatifs.<\/p> <p data-start=\"1037\" data-end=\"1174\">\u00c0 travers notre engagement, nous contribuons \u00e0 une \u00e9conomie circulaire durable, respectueuse de l\u2019environnement et tourn\u00e9e vers l\u2019avenir.<\/p>\nA propos de nous\n<img src=\"http:\/\/bionatureflam.com\/wp-content\/uploads\/2026\/02\/WhatsApp-Image-2026-02-13-at-07.36.14-1.jpeg\" width=\"1080\" height=\"1080\" title=\"Home\" alt=\"Home\">\n<img src=\"http:\/\/bionatureflam.com\/wp-content\/uploads\/2026\/02\/carton.webp\" title=\"Home\" alt=\"Home\">\n<img src=\"http:\/\/bionatureflam.com\/wp-content\/uploads\/2026\/02\/buches-briquettes.webp\" title=\"Home\" alt=\"Home\">\n<h2> BIO NATURE FLAM<br\/>Energie BIO<\/h2>\n<a href=\"#\"\n >\n <img src=\"http:\/\/bionatureflam.com\/wp-content\/uploads\/2026\/02\/pinibriquettesgrignons.webp\" width=\"360\" height=\"275\" title=\"Pini Briquettes de grignons d&#039;olive\" alt=\"Pini Briquettes de grignons d&#039;olive\"> <\/a>\n \n \n \n <h3>\n <a href=\"#\" \n >\n Pini Briquettes de grignons d'olive <\/a>\n <\/h3>\n<a href=\"https:\/\/bionatureflam.com\/index.php\/2026\/01\/22\/pack-3-buches-grignons-dolives-bio-nature-flam-france\/\"\n >\n <img src=\"http:\/\/bionatureflam.com\/wp-content\/uploads\/2026\/02\/buches-briquettes.webp\" width=\"360\" height=\"275\" title=\"3 B\u00fbches\" alt=\"3 B\u00fbches\"> <\/a>\n \n \n \n <h3>\n <a href=\"https:\/\/bionatureflam.com\/index.php\/2026\/01\/22\/pack-3-buches-grignons-dolives-bio-nature-flam-france\/\" \n >\n 3 B\u00fbches <\/a>\n <\/h3>\n<a href=\"https:\/\/bionatureflam.com\/index.php\/2026\/01\/01\/grignons-dolive-avantages-valeurs-et-utilisations-dans-la-biomasse\/\"\n >\n <img src=\"http:\/\/bionatureflam.com\/wp-content\/uploads\/2026\/02\/grignons.webp\" width=\"360\" height=\"275\" title=\"Grignons d&#039;olive\" alt=\"Grignons d&#039;olive\"> <\/a>\n \n \n \n <h3>\n <a href=\"https:\/\/bionatureflam.com\/index.php\/2026\/01\/01\/grignons-dolive-avantages-valeurs-et-utilisations-dans-la-biomasse\/\" \n >\n Grignons d'olive <\/a>\n <\/h3>\n<a href=\"https:\/\/bionatureflam.com\/index.php\/2026\/01\/10\/buche-en-carton\/\"\n >\n <img src=\"http:\/\/bionatureflam.com\/wp-content\/uploads\/2026\/02\/carton11.webp\" width=\"360\" height=\"275\" title=\"B\u00fbches en carton\" alt=\"B\u00fbches en carton\"> <\/a>\n \n \n \n <h3>\n <a href=\"https:\/\/bionatureflam.com\/index.php\/2026\/01\/10\/buche-en-carton\/\" \n >\n B\u00fbches en carton <\/a>\n <\/h3>\n<a href=\"https:\/\/bionatureflam.com\/index.php\/2026\/01\/02\/buche-de-nuit\/\"\n >\n <img src=\"http:\/\/bionatureflam.com\/wp-content\/uploads\/2026\/02\/buchebriquettes.webp\" width=\"360\" height=\"275\" title=\"Briquettes de grignons d&#039;olives\" alt=\"Briquettes de grignons d&#039;olives\"> <\/a>\n \n \n \n <h3>\n <a href=\"https:\/\/bionatureflam.com\/index.php\/2026\/01\/02\/buche-de-nuit\/\" \n >\n Briquettes de grignons d'olives <\/a>\n <\/h3>\n<a href=\"#\"\n >\n <img src=\"http:\/\/bionatureflam.com\/wp-content\/uploads\/2026\/02\/01-scaled.jpg\" width=\"360\" height=\"275\" title=\"Briquettes de Grignons d&#039;olives\" alt=\"Briquettes de Grignons d&#039;olives\"> <\/a>\n \n \n \n <h3>\n <a href=\"#\" \n >\n Briquettes de Grignons d'olives <\/a>\n <\/h3>\nNos Produits\n<h2> Nouveaut\u00e9 & promotion<br\/><\/h2>\n<a href=\"#\" >\n en savoir plus\n <\/a>\n<h1> Contactez-nous<br\/>Bio Nature Flam<\/h1>\n<h2>00 337 63 98 07 00<\/h2>\n<a href=\"#\" >\n Contact\n <\/a>","_links":{"self":[{"href":"https:\/\/bionatureflam.com\/index.php?rest_route=\/wp\/v2\/pages\/29","targetHints":{"allow":["GET"]}}],"collection":[{"href":"https:\/\/bionatureflam.com\/index.php?rest_route=\/wp\/v2\/pages"}],"about":[{"href":"https:\/\/bionatureflam.com\/index.php?rest_route=\/wp\/v2\/types\/page"}],"author":[{"embeddable":true,"href":"https:\/\/bionatureflam.com\/index.php?rest_route=\/wp\/v2\/users\/1"}],"replies":[{"embeddable":true,"href":"https:\/\/bionatureflam.com\/index.php?rest_route=%2Fwp%2Fv2%2Fcomments&post=29"}],"version-history":[{"count":35,"href":"https:\/\/bionatureflam.com\/index.php?rest_route=\/wp\/v2\/pages\/29\/revisions"}],"predecessor-version":[{"id":271,"href":"https:\/\/bionatureflam.com\/index.php?rest_route=\/wp\/v2\/pages\/29\/revisions\/271"}],"wp:attachment":[{"href":"https:\/\/bionatureflam.com\/index.php?rest_route=%2Fwp%2Fv2%2Fmedia&parent=29"}],"curies":[{"name":"wp","href":"https:\/\/api.w.org\/{rel}","templated":true}]}}