{"id":27,"date":"2016-08-09T07:55:02","date_gmt":"2016-08-09T07:55:02","guid":{"rendered":"https:\/\/themify.me\/demo\/themes\/ultra-restaurant\/?page_id=5654"},"modified":"2026-01-24T08:08:10","modified_gmt":"2026-01-24T08:08:10","slug":"contact","status":"publish","type":"page","link":"http:\/\/bionatureflam.com\/?page_id=27","title":{"rendered":"Contact"},"content":{"rendered":"<p><!--themify_builder_static--><\/p>\n<h1>Contactez-nous<br \/>Trouvez nous<\/h1>\n<h2 data-start=\"149\" data-end=\"183\">Contactez BioNature Flam France<\/h2>\n<p data-start=\"185\" data-end=\"474\">Vous souhaitez obtenir plus d\u2019informations sur nos <strong data-start=\"236\" data-end=\"279\">b\u00fbches de grignons d\u2019olives \u00e9cologiques<\/strong>, demander un devis ou passer une commande ?<br data-start=\"323\" data-end=\"326\">L\u2019\u00e9quipe <strong data-start=\"335\" data-end=\"360\">BioNature Flam France<\/strong> est \u00e0 votre \u00e9coute pour vous accompagner et vous proposer la solution de chauffage la plus adapt\u00e9e \u00e0 vos besoins.<\/p>\n<p data-start=\"476\" data-end=\"662\">Que vous soyez un <strong data-start=\"494\" data-end=\"509\">particulier<\/strong>, un <strong data-start=\"514\" data-end=\"531\">professionnel<\/strong> ou un <strong data-start=\"538\" data-end=\"551\">revendeur<\/strong>, n\u2019h\u00e9sitez pas \u00e0 nous contacter via le formulaire ci-dessous. Nous vous r\u00e9pondrons dans les plus brefs d\u00e9lais.<\/p>\n<p data-start=\"664\" data-end=\"778\">\ud83d\udce6 Livraison possible selon zones<br data-start=\"697\" data-end=\"700\">\ud83c\udf31 Produits \u00e9cologiques et performants<br data-start=\"738\" data-end=\"741\">\ud83c\uddeb\ud83c\uddf7 Service d\u00e9di\u00e9 au march\u00e9 fran\u00e7ais<\/p>\n<p data-start=\"780\" data-end=\"852\"><strong data-start=\"780\" data-end=\"852\">BioNature Flam France \u2013 Le chauffage naturel, durable et \u00e9conomique.<\/strong><\/p>\n<style id=\"wpforms-css-vars-111\">\n\t\t\t\t#wpforms-111 {\n\t\t\t\t--wpforms-container-padding: 0px;\n--wpforms-container-border-width: 1px;\n--wpforms-container-border-radius: 3px;\n--wpforms-background-color: rgba(0, 0, 0, 0);\n--wpforms-field-size-input-height: 43px;\n--wpforms-field-size-input-spacing: 15px;\n--wpforms-field-size-font-size: 16px;\n--wpforms-field-size-line-height: 19px;\n--wpforms-field-size-padding-h: 14px;\n--wpforms-field-size-checkbox-size: 16px;\n--wpforms-field-size-sublabel-spacing: 5px;\n--wpforms-field-size-icon-size: 1;\n--wpforms-label-size-font-size: 16px;\n--wpforms-label-size-line-height: 19px;\n--wpforms-label-size-sublabel-font-size: 14px;\n--wpforms-label-size-sublabel-line-height: 17px;\n--wpforms-button-size-font-size: 17px;\n--wpforms-button-size-height: 41px;\n--wpforms-button-size-padding-h: 15px;\n--wpforms-button-size-margin-top: 10px;\n--wpforms-container-shadow-size-box-shadow: none;\n\t\t\t}\n\t\t\t<\/style><div class=\"wpforms-container wpforms-container-full wpforms-render-modern\" id=\"wpforms-111\"><form id=\"wpforms-form-111\" class=\"wpforms-validate wpforms-form wpforms-ajax-form\" data-formid=\"111\" method=\"post\" enctype=\"multipart\/form-data\" action=\"\/index.php?rest_route=%2Fwp%2Fv2%2Fpages%2F27\" data-token=\"175a50651f4e80edfd92daa0da648cf3\" data-token-time=\"1777504317\"><noscript class=\"wpforms-error-noscript\">Veuillez activer JavaScript dans votre navigateur pour remplir ce formulaire.<\/noscript><div id=\"wpforms-error-noscript\" style=\"display: none;\">Veuillez activer JavaScript dans votre navigateur pour remplir ce formulaire.<\/div><div class=\"wpforms-field-container\"><div id=\"wpforms-111-field_1-container\" class=\"wpforms-field wpforms-field-name\" data-field-id=\"1\"><fieldset><legend class=\"wpforms-field-label\">Name <span class=\"wpforms-required-label\" aria-hidden=\"true\">*<\/span><\/legend><div class=\"wpforms-field-row wpforms-field-medium\"><div class=\"wpforms-field-row-block wpforms-first wpforms-one-half\"><input type=\"text\" id=\"wpforms-111-field_1\" class=\"wpforms-field-name-first wpforms-field-required\" name=\"wpforms[fields][1][first]\" aria-errormessage=\"wpforms-111-field_1-error\" required><label for=\"wpforms-111-field_1\" class=\"wpforms-field-sublabel after\">Pr\u00e9nom<\/label><\/div><div class=\"wpforms-field-row-block wpforms-one-half\"><input type=\"text\" id=\"wpforms-111-field_1-last\" class=\"wpforms-field-name-last wpforms-field-required\" name=\"wpforms[fields][1][last]\" aria-errormessage=\"wpforms-111-field_1-last-error\" required><label for=\"wpforms-111-field_1-last\" class=\"wpforms-field-sublabel after\">Nom<\/label><\/div><\/div><\/fieldset><\/div><div id=\"wpforms-111-field_2-container\" class=\"wpforms-field wpforms-field-email\" data-field-id=\"2\"><label class=\"wpforms-field-label\" for=\"wpforms-111-field_2\">Email <span class=\"wpforms-required-label\" aria-hidden=\"true\">*<\/span><\/label><input type=\"email\" id=\"wpforms-111-field_2\" class=\"wpforms-field-medium wpforms-field-required\" name=\"wpforms[fields][2]\" spellcheck=\"false\" aria-errormessage=\"wpforms-111-field_2-error\" required><\/div>\t\t<div id=\"wpforms-111-field_4-container\"\n\t\t\tclass=\"wpforms-field wpforms-field-text\"\n\t\t\tdata-field-type=\"text\"\n\t\t\tdata-field-id=\"4\"\n\t\t\t>\n\t\t\t<label class=\"wpforms-field-label\" for=\"wpforms-111-field_4\" >or Name Comment<\/label>\n\t\t\t<input type=\"text\" id=\"wpforms-111-field_4\" class=\"wpforms-field-medium\" name=\"wpforms[fields][4]\" >\n\t\t<\/div>\n\t\t<div id=\"wpforms-111-field_3-container\" class=\"wpforms-field wpforms-field-textarea\" data-field-id=\"3\"><label class=\"wpforms-field-label\" for=\"wpforms-111-field_3\">Comment or Message<\/label><textarea id=\"wpforms-111-field_3\" class=\"wpforms-field-medium\" name=\"wpforms[fields][3]\" aria-errormessage=\"wpforms-111-field_3-error\" ><\/textarea><\/div><script>\n\t\t\t\t( function() {\n\t\t\t\t\tconst style = document.createElement( 'style' );\n\t\t\t\t\tstyle.appendChild( document.createTextNode( '#wpforms-111-field_4-container { position: absolute !important; overflow: hidden !important; display: inline !important; height: 1px !important; width: 1px !important; z-index: -1000 !important; padding: 0 !important; } #wpforms-111-field_4-container input { visibility: hidden; } #wpforms-conversational-form-page #wpforms-111-field_4-container label { counter-increment: none; }' ) );\n\t\t\t\t\tdocument.head.appendChild( style );\n\t\t\t\t\tdocument.currentScript?.remove();\n\t\t\t\t} )();\n\t\t\t<\/script><\/div><!-- .wpforms-field-container --><div class=\"wpforms-submit-container\" ><input type=\"hidden\" name=\"wpforms[id]\" value=\"111\"><input type=\"hidden\" name=\"page_title\" value=\"\"><input type=\"hidden\" name=\"page_url\" value=\"http:\/\/bionatureflam.com\/index.php?rest_route=\/wp\/v2\/pages\/27\"><input type=\"hidden\" name=\"url_referer\" value=\"\"><button type=\"submit\" name=\"wpforms[submit]\" id=\"wpforms-submit-111\" class=\"wpforms-submit\" data-alt-text=\"Sending...\" data-submit-text=\"Submit\" aria-live=\"assertive\" value=\"wpforms-submit\">Submit<\/button><img loading=\"lazy\" decoding=\"async\" src=\"http:\/\/bionatureflam.com\/wp-content\/plugins\/wpforms-lite\/assets\/images\/submit-spin.svg\" class=\"wpforms-submit-spinner\" style=\"display: none;\" width=\"26\" height=\"26\" alt=\"Chargement en cours\"><\/div><\/form><\/div>  <!-- .wpforms-container -->\n<h4>Follow us<\/h4>\n<p><a href=\"https:\/\/www.facebook.com\/profile.php?id=61586767784511\"><br \/>\n <em style=\"background-color: #000;color: #eee\"><svg aria-hidden=\"true\"><use href=\"#tf-fab-facebook\"><\/use><\/svg><\/em><br \/>\n <\/a><\/p>\n<p> <a href=\"https:\/\/twitter.com\/BioFlam86255\"><br \/>\n <em style=\"background-color: #000;color: #eee\"><svg aria-hidden=\"true\"><use href=\"#tf-fab-twitter\"><\/use><\/svg><\/em><br \/>\n <\/a><\/p>\n<p> <a href=\"https:\/\/www.instagram.com\/bio_nature_flam\/\"><br \/>\n <em style=\"background-color: #000;color: #eee\"><svg aria-hidden=\"true\"><use href=\"#tf-fab-instagram\"><\/use><\/svg><\/em><br \/>\n <\/a><br \/>\n<!--\/themify_builder_static--><\/p>\n","protected":false},"excerpt":{"rendered":"<p>Contactez-nousTrouvez nous Contactez BioNature Flam France Vous souhaitez obtenir plus d\u2019informations sur nos b\u00fbches de grignons d\u2019olives \u00e9cologiques, demander un devis ou passer une commande ?L\u2019\u00e9quipe BioNature Flam France est \u00e0 votre \u00e9coute pour vous accompagner et vous proposer la solution de chauffage la plus adapt\u00e9e \u00e0 vos besoins. Que vous soyez un particulier, un [&hellip;]<\/p>\n","protected":false},"author":1,"featured_media":0,"parent":0,"menu_order":0,"comment_status":"closed","ping_status":"closed","template":"","meta":{"content-type":"","footnotes":""},"class_list":["post-27","page","type-page","status-publish","hentry","has-post-title","has-post-date","has-post-category","has-post-tag","has-post-comment","has-post-author",""],"yoast_head":"<!-- This site is optimized with the Yoast SEO Premium plugin v26.6 (Yoast SEO v26.6) - https:\/\/yoast.com\/wordpress\/plugins\/seo\/ -->\n<title>Contact -<\/title>\n<meta name=\"robots\" content=\"index, follow, max-snippet:-1, max-image-preview:large, max-video-preview:-1\" \/>\n<link rel=\"canonical\" href=\"http:\/\/bionatureflam.com\/?page_id=27\" \/>\n<meta property=\"og:locale\" content=\"fr_FR\" \/>\n<meta property=\"og:type\" content=\"article\" \/>\n<meta property=\"og:title\" content=\"Contact\" \/>\n<meta property=\"og:description\" content=\"Contactez-nousTrouvez nous Contactez BioNature Flam France Vous souhaitez obtenir plus d\u2019informations sur nos b\u00fbches de grignons d\u2019olives \u00e9cologiques, demander un devis ou passer une commande ?L\u2019\u00e9quipe BioNature Flam France est \u00e0 votre \u00e9coute pour vous accompagner et vous proposer la solution de chauffage la plus adapt\u00e9e \u00e0 vos besoins. Que vous soyez un particulier, un [&hellip;]\" \/>\n<meta property=\"og:url\" content=\"http:\/\/bionatureflam.com\/?page_id=27\" \/>\n<meta property=\"article:modified_time\" content=\"2026-01-24T08:08:10+00:00\" \/>\n<meta name=\"twitter:card\" content=\"summary_large_image\" \/>\n<meta name=\"twitter:label1\" content=\"Dur\u00e9e de lecture estim\u00e9e\" \/>\n\t<meta name=\"twitter:data1\" content=\"1 minute\" \/>\n<script type=\"application\/ld+json\" class=\"yoast-schema-graph\">{\"@context\":\"https:\/\/schema.org\",\"@graph\":[{\"@type\":\"WebPage\",\"@id\":\"http:\/\/bionatureflam.com\/?page_id=27\",\"url\":\"http:\/\/bionatureflam.com\/?page_id=27\",\"name\":\"Contact -\",\"isPartOf\":{\"@id\":\"http:\/\/bionatureflam.com\/#website\"},\"datePublished\":\"2016-08-09T07:55:02+00:00\",\"dateModified\":\"2026-01-24T08:08:10+00:00\",\"breadcrumb\":{\"@id\":\"http:\/\/bionatureflam.com\/?page_id=27#breadcrumb\"},\"inLanguage\":\"fr-FR\",\"potentialAction\":[{\"@type\":\"ReadAction\",\"target\":[\"http:\/\/bionatureflam.com\/?page_id=27\"]}]},{\"@type\":\"BreadcrumbList\",\"@id\":\"http:\/\/bionatureflam.com\/?page_id=27#breadcrumb\",\"itemListElement\":[{\"@type\":\"ListItem\",\"position\":1,\"name\":\"Home\",\"item\":\"http:\/\/bionatureflam.com\/\"},{\"@type\":\"ListItem\",\"position\":2,\"name\":\"Contact\"}]},{\"@type\":\"WebSite\",\"@id\":\"http:\/\/bionatureflam.com\/#website\",\"url\":\"http:\/\/bionatureflam.com\/\",\"name\":\"\",\"description\":\"\",\"potentialAction\":[{\"@type\":\"SearchAction\",\"target\":{\"@type\":\"EntryPoint\",\"urlTemplate\":\"http:\/\/bionatureflam.com\/?s={search_term_string}\"},\"query-input\":{\"@type\":\"PropertyValueSpecification\",\"valueRequired\":true,\"valueName\":\"search_term_string\"}}],\"inLanguage\":\"fr-FR\"}]}<\/script>\n<!-- \/ Yoast SEO Premium plugin. -->","yoast_head_json":{"title":"Contact -","robots":{"index":"index","follow":"follow","max-snippet":"max-snippet:-1","max-image-preview":"max-image-preview:large","max-video-preview":"max-video-preview:-1"},"canonical":"http:\/\/bionatureflam.com\/?page_id=27","og_locale":"fr_FR","og_type":"article","og_title":"Contact","og_description":"Contactez-nousTrouvez nous Contactez BioNature Flam France Vous souhaitez obtenir plus d\u2019informations sur nos b\u00fbches de grignons d\u2019olives \u00e9cologiques, demander un devis ou passer une commande ?L\u2019\u00e9quipe BioNature Flam France est \u00e0 votre \u00e9coute pour vous accompagner et vous proposer la solution de chauffage la plus adapt\u00e9e \u00e0 vos besoins. Que vous soyez un particulier, un [&hellip;]","og_url":"http:\/\/bionatureflam.com\/?page_id=27","article_modified_time":"2026-01-24T08:08:10+00:00","twitter_card":"summary_large_image","twitter_misc":{"Dur\u00e9e de lecture estim\u00e9e":"1 minute"},"schema":{"@context":"https:\/\/schema.org","@graph":[{"@type":"WebPage","@id":"http:\/\/bionatureflam.com\/?page_id=27","url":"http:\/\/bionatureflam.com\/?page_id=27","name":"Contact -","isPartOf":{"@id":"http:\/\/bionatureflam.com\/#website"},"datePublished":"2016-08-09T07:55:02+00:00","dateModified":"2026-01-24T08:08:10+00:00","breadcrumb":{"@id":"http:\/\/bionatureflam.com\/?page_id=27#breadcrumb"},"inLanguage":"fr-FR","potentialAction":[{"@type":"ReadAction","target":["http:\/\/bionatureflam.com\/?page_id=27"]}]},{"@type":"BreadcrumbList","@id":"http:\/\/bionatureflam.com\/?page_id=27#breadcrumb","itemListElement":[{"@type":"ListItem","position":1,"name":"Home","item":"http:\/\/bionatureflam.com\/"},{"@type":"ListItem","position":2,"name":"Contact"}]},{"@type":"WebSite","@id":"http:\/\/bionatureflam.com\/#website","url":"http:\/\/bionatureflam.com\/","name":"","description":"","potentialAction":[{"@type":"SearchAction","target":{"@type":"EntryPoint","urlTemplate":"http:\/\/bionatureflam.com\/?s={search_term_string}"},"query-input":{"@type":"PropertyValueSpecification","valueRequired":true,"valueName":"search_term_string"}}],"inLanguage":"fr-FR"}]}},"jetpack_sharing_enabled":true,"builder_content":"<h1>Contactez-nous<br\/>Trouvez nous<\/h1>\n<h2 data-start=\"149\" data-end=\"183\">Contactez BioNature Flam France<\/h2> <p data-start=\"185\" data-end=\"474\">Vous souhaitez obtenir plus d\u2019informations sur nos <strong data-start=\"236\" data-end=\"279\">b\u00fbches de grignons d\u2019olives \u00e9cologiques<\/strong>, demander un devis ou passer une commande ?<br data-start=\"323\" data-end=\"326\">L\u2019\u00e9quipe <strong data-start=\"335\" data-end=\"360\">BioNature Flam France<\/strong> est \u00e0 votre \u00e9coute pour vous accompagner et vous proposer la solution de chauffage la plus adapt\u00e9e \u00e0 vos besoins.<\/p> <p data-start=\"476\" data-end=\"662\">Que vous soyez un <strong data-start=\"494\" data-end=\"509\">particulier<\/strong>, un <strong data-start=\"514\" data-end=\"531\">professionnel<\/strong> ou un <strong data-start=\"538\" data-end=\"551\">revendeur<\/strong>, n\u2019h\u00e9sitez pas \u00e0 nous contacter via le formulaire ci-dessous. Nous vous r\u00e9pondrons dans les plus brefs d\u00e9lais.<\/p> <p data-start=\"664\" data-end=\"778\">\ud83d\udce6 Livraison possible selon zones<br data-start=\"697\" data-end=\"700\">\ud83c\udf31 Produits \u00e9cologiques et performants<br data-start=\"738\" data-end=\"741\">\ud83c\uddeb\ud83c\uddf7 Service d\u00e9di\u00e9 au march\u00e9 fran\u00e7ais<\/p> <p data-start=\"780\" data-end=\"852\"><strong data-start=\"780\" data-end=\"852\">BioNature Flam France \u2013 Le chauffage naturel, durable et \u00e9conomique.<\/strong><\/p>\n[wpforms id=\"111\"]\n<h4>Follow us<\/h4>\n<a href=\"https:\/\/www.facebook.com\/profile.php?id=61586767784511\">\n <em style=\"background-color: #000;color: #eee\"><svg aria-hidden=\"true\"><use href=\"#tf-fab-facebook\"><\/use><\/svg><\/em>\n <\/a>\n \n \n <a href=\"https:\/\/twitter.com\/BioFlam86255\">\n <em style=\"background-color: #000;color: #eee\"><svg aria-hidden=\"true\"><use href=\"#tf-fab-twitter\"><\/use><\/svg><\/em>\n <\/a>\n \n \n <a href=\"https:\/\/www.instagram.com\/bio_nature_flam\/\">\n <em style=\"background-color: #000;color: #eee\"><svg aria-hidden=\"true\"><use href=\"#tf-fab-instagram\"><\/use><\/svg><\/em>\n <\/a>\n","_links":{"self":[{"href":"http:\/\/bionatureflam.com\/index.php?rest_route=\/wp\/v2\/pages\/27","targetHints":{"allow":["GET"]}}],"collection":[{"href":"http:\/\/bionatureflam.com\/index.php?rest_route=\/wp\/v2\/pages"}],"about":[{"href":"http:\/\/bionatureflam.com\/index.php?rest_route=\/wp\/v2\/types\/page"}],"author":[{"embeddable":true,"href":"http:\/\/bionatureflam.com\/index.php?rest_route=\/wp\/v2\/users\/1"}],"replies":[{"embeddable":true,"href":"http:\/\/bionatureflam.com\/index.php?rest_route=%2Fwp%2Fv2%2Fcomments&post=27"}],"version-history":[{"count":6,"href":"http:\/\/bionatureflam.com\/index.php?rest_route=\/wp\/v2\/pages\/27\/revisions"}],"predecessor-version":[{"id":119,"href":"http:\/\/bionatureflam.com\/index.php?rest_route=\/wp\/v2\/pages\/27\/revisions\/119"}],"wp:attachment":[{"href":"http:\/\/bionatureflam.com\/index.php?rest_route=%2Fwp%2Fv2%2Fmedia&parent=27"}],"curies":[{"name":"wp","href":"https:\/\/api.w.org\/{rel}","templated":true}]}}