{"id":26,"date":"2026-01-09T07:37:43","date_gmt":"2026-01-09T07:37:43","guid":{"rendered":"https:\/\/themify.me\/demo\/themes\/ultra-restaurant\/?page_id=5632"},"modified":"2026-01-24T09:42:33","modified_gmt":"2026-01-24T09:42:33","slug":"qui-sommes-nous","status":"publish","type":"page","link":"http:\/\/bionatureflam.com\/?page_id=26","title":{"rendered":"Qui sommes nous"},"content":{"rendered":"<p><!--themify_builder_static--><\/p>\n<h1>Qui sommes-nous<br \/>d\u00e9covrir<\/h1>\n<p data-start=\"388\" data-end=\"744\">Nous sommes sp\u00e9cialis\u00e9s dans\u00a0 la vente de <strong data-start=\"446\" data-end=\"468\">b\u00fbches \u00e9cologiques<\/strong> fabriqu\u00e9es \u00e0 partir de <strong data-start=\"492\" data-end=\"544\">grignons d\u2019olives et autres biomasses naturelles<\/strong>. Notre objectif est de proposer des solutions de <strong data-start=\"594\" data-end=\"666\">chauffage durables, performantes et respectueuses de l\u2019environnement<\/strong>, adapt\u00e9es aux <strong data-start=\"681\" data-end=\"715\">particuliers et professionnels<\/strong> \u00e0 travers toute la France.<\/p>\n<p data-start=\"746\" data-end=\"1108\">Depuis notre cr\u00e9ation, nous valorisons les d\u00e9chets issus de la fili\u00e8re ol\u00e9icole et des mat\u00e9riaux recycl\u00e9s, en les transformant en <strong data-start=\"876\" data-end=\"915\">combustibles fiables et \u00e9conomiques<\/strong>. Nos b\u00fbches domestiques et industrielles offrent une <strong data-start=\"969\" data-end=\"1048\">combustion stable, un haut pouvoir calorifique et un faible taux de cendres<\/strong>, garantissant un confort optimal et un entretien minimal.<\/p>\n<h2>Bio Nature FLAM<\/h2>\n<h4>Production de charbon de chauffage \u00e0 base de grignon d\u2019olives<\/h4>\n<p>Dans la continuit\u00e9 de sa logique de valorisation de sous-produits et la cr\u00e9ation de la valeur ajout\u00e9e, La soci\u00e9t\u00e9 BIO HEAT GRIGNONS, a mis en place une unit\u00e9 de production de biomasse sous forme de charbon \u00e0 base de grignons d\u2019olive d\u2019une capacit\u00e9 de 4000 tonnes\/an.<\/p>\n<p>Les produits de consommation \u00e0 base de biomasse d&rsquo;olive sont un nouveau segment. La biomasse d&rsquo;olive est un mat\u00e9riau polyvalent et abondant qui peut \u00eatre converti avec succ\u00e8s en d&rsquo;autres types de supports d&rsquo;\u00e9nergie solides comme des granul\u00e9s, des briquettes pour le chauffage.<\/p>\n<p>Chaque briquette est produite en utilisant une presse hydraulique\u00a0<br \/>Le process consiste \u00e0 comprimer la biomasse s\u00e8che d&rsquo;olive\u00a0 sans produits chimiques ou liants en forme de briquettes \u00e0 port\u00e9e de main.<\/p>\n<p>Les briquettes de chauffage offrent une utilisation propre, et une combustion durable. elle offre la chaleur avec un grand pouvoir calorifique, le grignon offre une durabilit\u00e9 importante de combustion qui atteint 6 heures.<\/p>\n<p><a href=\"#\"\n ><br \/>\n <img loading=\"lazy\" decoding=\"async\" src=\"http:\/\/bionatureflam.com\/wp-content\/uploads\/2026\/01\/1000010192-scaled.jpg\" width=\"2560\" height=\"1713\" title=\"Vente grignons d&#039;olive\" alt=\"Vente grignons d&#039;olive\"> <\/a><\/p>\n<h3>\n <a href=\"#\" \n ><br \/>\n Vente grignons d&rsquo;olive <\/a><br \/>\n <\/h3>\n<p><img loading=\"lazy\" decoding=\"async\" src=\"http:\/\/bionatureflam.com\/wp-content\/uploads\/2026\/01\/WhatsApp-Image-2026-01-22-at-08.21.30.jpeg\" width=\"1280\" height=\"853\" title=\"Vente Pack 3 B\u00fbches\" alt=\"Vente Pack 3 B\u00fbches\"> <\/p>\n<h3>\n Vente Pack 3 B\u00fbches <\/h3>\n<p><img loading=\"lazy\" decoding=\"async\" src=\"http:\/\/bionatureflam.com\/wp-content\/uploads\/2026\/01\/WhatsApp-Image-2026-01-22-at-10.26.14-1.jpeg\" width=\"1536\" height=\"1024\" title=\"Vente Palette B\u00fbches\" alt=\"Vente Palette B\u00fbches\"> <\/p>\n<h3>\n Vente Palette B\u00fbches <\/h3>\n<p><img loading=\"lazy\" decoding=\"async\" src=\"http:\/\/bionatureflam.com\/wp-content\/uploads\/2026\/01\/WhatsApp-Image-2026-01-22-at-08.07.23.jpeg\" width=\"1536\" height=\"1024\" title=\"Vente B\u00fbche industriel\" alt=\"Vente B\u00fbche industriel\"> <\/p>\n<h3>\n Vente B\u00fbche industriel <\/h3>\n<h2>Chez Bio Nature FLAM<br \/><\/h2>\n<p data-start=\"1110\" data-end=\"1432\">Nous croyons en une approche <strong data-start=\"1172\" data-end=\"1214\">responsable et circulaire de l\u2019\u00e9nergie<\/strong>, alliant <strong data-start=\"1224\" data-end=\"1277\">innovation, qualit\u00e9 et respect de l\u2019environnement<\/strong>. Nos produits permettent \u00e0 nos clients de <strong data-start=\"1320\" data-end=\"1357\">r\u00e9duire leur empreinte \u00e9cologique<\/strong> tout en b\u00e9n\u00e9ficiant d\u2019un chauffage <strong data-start=\"1393\" data-end=\"1429\">efficace, pratique et \u00e9conomique<\/strong>.<\/p>\n<p data-start=\"1434\" data-end=\"1458\"><strong data-start=\"1434\" data-end=\"1456\">Notre engagement :<\/strong><\/p>\n<ul data-start=\"1459\" data-end=\"1676\">\n<li data-start=\"1459\" data-end=\"1495\">\n<p data-start=\"1461\" data-end=\"1495\">Produits performants et durables<\/p>\n<\/li>\n<li data-start=\"1496\" data-end=\"1564\">\n<p data-start=\"1498\" data-end=\"1564\">Solutions \u00e9cologiques pour le chauffage domestique et industriel<\/p>\n<\/li>\n<li data-start=\"1565\" data-end=\"1620\">\n<p data-start=\"1567\" data-end=\"1620\">Valorisation des ressources naturelles et recycl\u00e9es<\/p>\n<\/li>\n<li data-start=\"1621\" data-end=\"1676\">\n<p data-start=\"1623\" data-end=\"1676\">Satisfaction et service client de qualit\u00e9 en France<\/p>\n<\/li>\n<\/ul>\n<p><img loading=\"lazy\" decoding=\"async\" src=\"http:\/\/bionatureflam.com\/wp-content\/uploads\/2026\/01\/ChatGPT-Image-24-janv.-2026-01_19_11.jpg\" width=\"560\" height=\"400\"><\/p>\n<h4>Bio Natre FLAM<\/h4>\n<h5>12 Rue du Clos Saint-Paul 95210 Saint-Gratien France<br \/>00 337 63 98 07 00<\/h5>\n<p>\u00a0<\/p>\n<p><!--\/themify_builder_static--><\/p>\n","protected":false},"excerpt":{"rendered":"<p>Qui sommes-nousd\u00e9covrir Nous sommes sp\u00e9cialis\u00e9s dans\u00a0 la vente de b\u00fbches \u00e9cologiques fabriqu\u00e9es \u00e0 partir de grignons d\u2019olives et autres biomasses naturelles. Notre objectif est de proposer des solutions de chauffage durables, performantes et respectueuses de l\u2019environnement, adapt\u00e9es aux particuliers et professionnels \u00e0 travers toute la France. Depuis notre cr\u00e9ation, nous valorisons les d\u00e9chets issus de [&hellip;]<\/p>\n","protected":false},"author":1,"featured_media":0,"parent":0,"menu_order":0,"comment_status":"closed","ping_status":"closed","template":"","meta":{"content-type":"","footnotes":""},"class_list":["post-26","page","type-page","status-publish","hentry","has-post-title","has-post-date","has-post-category","has-post-tag","has-post-comment","has-post-author",""],"yoast_head":"<!-- This site is optimized with the Yoast SEO Premium plugin v26.6 (Yoast SEO v26.6) - https:\/\/yoast.com\/wordpress\/plugins\/seo\/ -->\n<title>Qui sommes nous -<\/title>\n<meta name=\"robots\" content=\"index, follow, max-snippet:-1, max-image-preview:large, max-video-preview:-1\" \/>\n<link rel=\"canonical\" href=\"http:\/\/bionatureflam.com\/?page_id=26\" \/>\n<meta property=\"og:locale\" content=\"fr_FR\" \/>\n<meta property=\"og:type\" content=\"article\" \/>\n<meta property=\"og:title\" content=\"Qui sommes nous\" \/>\n<meta property=\"og:description\" content=\"Qui sommes-nousd\u00e9covrir Nous sommes sp\u00e9cialis\u00e9s dans\u00a0 la vente de b\u00fbches \u00e9cologiques fabriqu\u00e9es \u00e0 partir de grignons d\u2019olives et autres biomasses naturelles. Notre objectif est de proposer des solutions de chauffage durables, performantes et respectueuses de l\u2019environnement, adapt\u00e9es aux particuliers et professionnels \u00e0 travers toute la France. Depuis notre cr\u00e9ation, nous valorisons les d\u00e9chets issus de [&hellip;]\" \/>\n<meta property=\"og:url\" content=\"http:\/\/bionatureflam.com\/?page_id=26\" \/>\n<meta property=\"article:modified_time\" content=\"2026-01-24T09:42:33+00:00\" \/>\n<meta property=\"og:image\" content=\"http:\/\/bionatureflam.com\/wp-content\/uploads\/2026\/01\/1000010192-scaled.jpg\" \/>\n<meta name=\"twitter:card\" content=\"summary_large_image\" \/>\n<meta name=\"twitter:label1\" content=\"Dur\u00e9e de lecture estim\u00e9e\" \/>\n\t<meta name=\"twitter:data1\" content=\"2 minutes\" \/>\n<script type=\"application\/ld+json\" class=\"yoast-schema-graph\">{\"@context\":\"https:\/\/schema.org\",\"@graph\":[{\"@type\":\"WebPage\",\"@id\":\"http:\/\/bionatureflam.com\/?page_id=26\",\"url\":\"http:\/\/bionatureflam.com\/?page_id=26\",\"name\":\"Qui sommes nous -\",\"isPartOf\":{\"@id\":\"http:\/\/bionatureflam.com\/#website\"},\"primaryImageOfPage\":{\"@id\":\"http:\/\/bionatureflam.com\/?page_id=26#primaryimage\"},\"image\":{\"@id\":\"http:\/\/bionatureflam.com\/?page_id=26#primaryimage\"},\"thumbnailUrl\":\"http:\/\/bionatureflam.com\/wp-content\/uploads\/2026\/01\/1000010192-scaled.jpg\",\"datePublished\":\"2026-01-09T07:37:43+00:00\",\"dateModified\":\"2026-01-24T09:42:33+00:00\",\"breadcrumb\":{\"@id\":\"http:\/\/bionatureflam.com\/?page_id=26#breadcrumb\"},\"inLanguage\":\"fr-FR\",\"potentialAction\":[{\"@type\":\"ReadAction\",\"target\":[\"http:\/\/bionatureflam.com\/?page_id=26\"]}]},{\"@type\":\"ImageObject\",\"inLanguage\":\"fr-FR\",\"@id\":\"http:\/\/bionatureflam.com\/?page_id=26#primaryimage\",\"url\":\"http:\/\/bionatureflam.com\/wp-content\/uploads\/2026\/01\/1000010192-scaled.jpg\",\"contentUrl\":\"http:\/\/bionatureflam.com\/wp-content\/uploads\/2026\/01\/1000010192-scaled.jpg\",\"width\":2560,\"height\":1713},{\"@type\":\"BreadcrumbList\",\"@id\":\"http:\/\/bionatureflam.com\/?page_id=26#breadcrumb\",\"itemListElement\":[{\"@type\":\"ListItem\",\"position\":1,\"name\":\"Home\",\"item\":\"http:\/\/bionatureflam.com\/\"},{\"@type\":\"ListItem\",\"position\":2,\"name\":\"Qui sommes nous\"}]},{\"@type\":\"WebSite\",\"@id\":\"http:\/\/bionatureflam.com\/#website\",\"url\":\"http:\/\/bionatureflam.com\/\",\"name\":\"\",\"description\":\"\",\"potentialAction\":[{\"@type\":\"SearchAction\",\"target\":{\"@type\":\"EntryPoint\",\"urlTemplate\":\"http:\/\/bionatureflam.com\/?s={search_term_string}\"},\"query-input\":{\"@type\":\"PropertyValueSpecification\",\"valueRequired\":true,\"valueName\":\"search_term_string\"}}],\"inLanguage\":\"fr-FR\"}]}<\/script>\n<!-- \/ Yoast SEO Premium plugin. -->","yoast_head_json":{"title":"Qui sommes nous -","robots":{"index":"index","follow":"follow","max-snippet":"max-snippet:-1","max-image-preview":"max-image-preview:large","max-video-preview":"max-video-preview:-1"},"canonical":"http:\/\/bionatureflam.com\/?page_id=26","og_locale":"fr_FR","og_type":"article","og_title":"Qui sommes nous","og_description":"Qui sommes-nousd\u00e9covrir Nous sommes sp\u00e9cialis\u00e9s dans\u00a0 la vente de b\u00fbches \u00e9cologiques fabriqu\u00e9es \u00e0 partir de grignons d\u2019olives et autres biomasses naturelles. Notre objectif est de proposer des solutions de chauffage durables, performantes et respectueuses de l\u2019environnement, adapt\u00e9es aux particuliers et professionnels \u00e0 travers toute la France. Depuis notre cr\u00e9ation, nous valorisons les d\u00e9chets issus de [&hellip;]","og_url":"http:\/\/bionatureflam.com\/?page_id=26","article_modified_time":"2026-01-24T09:42:33+00:00","og_image":[{"url":"http:\/\/bionatureflam.com\/wp-content\/uploads\/2026\/01\/1000010192-scaled.jpg","type":"","width":"","height":""}],"twitter_card":"summary_large_image","twitter_misc":{"Dur\u00e9e de lecture estim\u00e9e":"2 minutes"},"schema":{"@context":"https:\/\/schema.org","@graph":[{"@type":"WebPage","@id":"http:\/\/bionatureflam.com\/?page_id=26","url":"http:\/\/bionatureflam.com\/?page_id=26","name":"Qui sommes nous -","isPartOf":{"@id":"http:\/\/bionatureflam.com\/#website"},"primaryImageOfPage":{"@id":"http:\/\/bionatureflam.com\/?page_id=26#primaryimage"},"image":{"@id":"http:\/\/bionatureflam.com\/?page_id=26#primaryimage"},"thumbnailUrl":"http:\/\/bionatureflam.com\/wp-content\/uploads\/2026\/01\/1000010192-scaled.jpg","datePublished":"2026-01-09T07:37:43+00:00","dateModified":"2026-01-24T09:42:33+00:00","breadcrumb":{"@id":"http:\/\/bionatureflam.com\/?page_id=26#breadcrumb"},"inLanguage":"fr-FR","potentialAction":[{"@type":"ReadAction","target":["http:\/\/bionatureflam.com\/?page_id=26"]}]},{"@type":"ImageObject","inLanguage":"fr-FR","@id":"http:\/\/bionatureflam.com\/?page_id=26#primaryimage","url":"http:\/\/bionatureflam.com\/wp-content\/uploads\/2026\/01\/1000010192-scaled.jpg","contentUrl":"http:\/\/bionatureflam.com\/wp-content\/uploads\/2026\/01\/1000010192-scaled.jpg","width":2560,"height":1713},{"@type":"BreadcrumbList","@id":"http:\/\/bionatureflam.com\/?page_id=26#breadcrumb","itemListElement":[{"@type":"ListItem","position":1,"name":"Home","item":"http:\/\/bionatureflam.com\/"},{"@type":"ListItem","position":2,"name":"Qui sommes nous"}]},{"@type":"WebSite","@id":"http:\/\/bionatureflam.com\/#website","url":"http:\/\/bionatureflam.com\/","name":"","description":"","potentialAction":[{"@type":"SearchAction","target":{"@type":"EntryPoint","urlTemplate":"http:\/\/bionatureflam.com\/?s={search_term_string}"},"query-input":{"@type":"PropertyValueSpecification","valueRequired":true,"valueName":"search_term_string"}}],"inLanguage":"fr-FR"}]}},"jetpack_sharing_enabled":true,"builder_content":"<h1>Qui sommes-nous<br\/>d\u00e9covrir<\/h1>\n<p data-start=\"388\" data-end=\"744\">Nous sommes sp\u00e9cialis\u00e9s dans\u00a0 la vente de <strong data-start=\"446\" data-end=\"468\">b\u00fbches \u00e9cologiques<\/strong> fabriqu\u00e9es \u00e0 partir de <strong data-start=\"492\" data-end=\"544\">grignons d\u2019olives et autres biomasses naturelles<\/strong>. Notre objectif est de proposer des solutions de <strong data-start=\"594\" data-end=\"666\">chauffage durables, performantes et respectueuses de l\u2019environnement<\/strong>, adapt\u00e9es aux <strong data-start=\"681\" data-end=\"715\">particuliers et professionnels<\/strong> \u00e0 travers toute la France.<\/p> <p data-start=\"746\" data-end=\"1108\">Depuis notre cr\u00e9ation, nous valorisons les d\u00e9chets issus de la fili\u00e8re ol\u00e9icole et des mat\u00e9riaux recycl\u00e9s, en les transformant en <strong data-start=\"876\" data-end=\"915\">combustibles fiables et \u00e9conomiques<\/strong>. Nos b\u00fbches domestiques et industrielles offrent une <strong data-start=\"969\" data-end=\"1048\">combustion stable, un haut pouvoir calorifique et un faible taux de cendres<\/strong>, garantissant un confort optimal et un entretien minimal.<\/p>\n<h2>Bio Nature FLAM<\/h2>\n<h4>Production de charbon de chauffage \u00e0 base de grignon d\u2019olives<\/h4>\n<p>Dans la continuit\u00e9 de sa logique de valorisation de sous-produits et la cr\u00e9ation de la valeur ajout\u00e9e, La soci\u00e9t\u00e9 BIO HEAT GRIGNONS, a mis en place une unit\u00e9 de production de biomasse sous forme de charbon \u00e0 base de grignons d\u2019olive d\u2019une capacit\u00e9 de 4000 tonnes\/an.<\/p> <p>Les produits de consommation \u00e0 base de biomasse d'olive sont un nouveau segment. La biomasse d'olive est un mat\u00e9riau polyvalent et abondant qui peut \u00eatre converti avec succ\u00e8s en d'autres types de supports d'\u00e9nergie solides comme des granul\u00e9s, des briquettes pour le chauffage.<\/p>\n<p>Chaque briquette est produite en utilisant une presse hydraulique\u00a0<br>Le process consiste \u00e0 comprimer la biomasse s\u00e8che d'olive\u00a0 sans produits chimiques ou liants en forme de briquettes \u00e0 port\u00e9e de main.<\/p> <p>Les briquettes de chauffage offrent une utilisation propre, et une combustion durable. elle offre la chaleur avec un grand pouvoir calorifique, le grignon offre une durabilit\u00e9 importante de combustion qui atteint 6 heures.<\/p>\n<a href=\"#\"\n >\n <img loading=\"lazy\" decoding=\"async\" width=\"2560\" height=\"1713\" src=\"http:\/\/bionatureflam.com\/wp-content\/uploads\/2026\/01\/1000010192-scaled.jpg\" title=\"Vente grignons d&#039;olive\" alt=\"Vente grignons d&#039;olive\" srcset=\"http:\/\/bionatureflam.com\/wp-content\/uploads\/2026\/01\/1000010192-scaled.jpg 2560w, http:\/\/bionatureflam.com\/wp-content\/uploads\/2026\/01\/1000010192-scaled-600x401.jpg 600w\" sizes=\"auto, (max-width: 2560px) 100vw, 2560px\" \/> <\/a>\n \n \n \n <h3>\n <a href=\"#\" \n >\n Vente grignons d'olive <\/a>\n <\/h3>\n<img loading=\"lazy\" decoding=\"async\" width=\"1280\" height=\"853\" src=\"http:\/\/bionatureflam.com\/wp-content\/uploads\/2026\/01\/WhatsApp-Image-2026-01-22-at-08.21.30.jpeg\" title=\"Vente Pack 3 B\u00fbches\" alt=\"Vente Pack 3 B\u00fbches\" srcset=\"http:\/\/bionatureflam.com\/wp-content\/uploads\/2026\/01\/WhatsApp-Image-2026-01-22-at-08.21.30.jpeg 1280w, http:\/\/bionatureflam.com\/wp-content\/uploads\/2026\/01\/WhatsApp-Image-2026-01-22-at-08.21.30-600x400.jpeg 600w, http:\/\/bionatureflam.com\/wp-content\/uploads\/2026\/01\/WhatsApp-Image-2026-01-22-at-08.21.30-300x200.jpeg 300w, http:\/\/bionatureflam.com\/wp-content\/uploads\/2026\/01\/WhatsApp-Image-2026-01-22-at-08.21.30-1024x682.jpeg 1024w, http:\/\/bionatureflam.com\/wp-content\/uploads\/2026\/01\/WhatsApp-Image-2026-01-22-at-08.21.30-768x512.jpeg 768w\" sizes=\"auto, (max-width: 1280px) 100vw, 1280px\" \/> \n \n \n <h3>\n Vente Pack 3 B\u00fbches <\/h3>\n<img loading=\"lazy\" decoding=\"async\" width=\"1536\" height=\"1024\" src=\"http:\/\/bionatureflam.com\/wp-content\/uploads\/2026\/01\/WhatsApp-Image-2026-01-22-at-10.26.14-1.jpeg\" title=\"Vente Palette B\u00fbches\" alt=\"Vente Palette B\u00fbches\" srcset=\"http:\/\/bionatureflam.com\/wp-content\/uploads\/2026\/01\/WhatsApp-Image-2026-01-22-at-10.26.14-1.jpeg 1536w, http:\/\/bionatureflam.com\/wp-content\/uploads\/2026\/01\/WhatsApp-Image-2026-01-22-at-10.26.14-1-600x400.jpeg 600w, http:\/\/bionatureflam.com\/wp-content\/uploads\/2026\/01\/WhatsApp-Image-2026-01-22-at-10.26.14-1-300x200.jpeg 300w, http:\/\/bionatureflam.com\/wp-content\/uploads\/2026\/01\/WhatsApp-Image-2026-01-22-at-10.26.14-1-1024x683.jpeg 1024w, http:\/\/bionatureflam.com\/wp-content\/uploads\/2026\/01\/WhatsApp-Image-2026-01-22-at-10.26.14-1-768x512.jpeg 768w\" sizes=\"auto, (max-width: 1536px) 100vw, 1536px\" \/> \n \n \n <h3>\n Vente Palette B\u00fbches <\/h3>\n<img loading=\"lazy\" decoding=\"async\" width=\"1536\" height=\"1024\" src=\"http:\/\/bionatureflam.com\/wp-content\/uploads\/2026\/01\/WhatsApp-Image-2026-01-22-at-08.07.23.jpeg\" title=\"Vente B\u00fbche industriel\" alt=\"Vente B\u00fbche industriel\" srcset=\"http:\/\/bionatureflam.com\/wp-content\/uploads\/2026\/01\/WhatsApp-Image-2026-01-22-at-08.07.23.jpeg 1536w, http:\/\/bionatureflam.com\/wp-content\/uploads\/2026\/01\/WhatsApp-Image-2026-01-22-at-08.07.23-600x400.jpeg 600w, http:\/\/bionatureflam.com\/wp-content\/uploads\/2026\/01\/WhatsApp-Image-2026-01-22-at-08.07.23-300x200.jpeg 300w, http:\/\/bionatureflam.com\/wp-content\/uploads\/2026\/01\/WhatsApp-Image-2026-01-22-at-08.07.23-1024x683.jpeg 1024w, http:\/\/bionatureflam.com\/wp-content\/uploads\/2026\/01\/WhatsApp-Image-2026-01-22-at-08.07.23-768x512.jpeg 768w\" sizes=\"auto, (max-width: 1536px) 100vw, 1536px\" \/> \n \n \n <h3>\n Vente B\u00fbche industriel <\/h3>\n<h2>Chez Bio Nature FLAM<br\/><\/h2>\n<p data-start=\"1110\" data-end=\"1432\">Nous croyons en une approche <strong data-start=\"1172\" data-end=\"1214\">responsable et circulaire de l\u2019\u00e9nergie<\/strong>, alliant <strong data-start=\"1224\" data-end=\"1277\">innovation, qualit\u00e9 et respect de l\u2019environnement<\/strong>. Nos produits permettent \u00e0 nos clients de <strong data-start=\"1320\" data-end=\"1357\">r\u00e9duire leur empreinte \u00e9cologique<\/strong> tout en b\u00e9n\u00e9ficiant d\u2019un chauffage <strong data-start=\"1393\" data-end=\"1429\">efficace, pratique et \u00e9conomique<\/strong>.<\/p> <p data-start=\"1434\" data-end=\"1458\"><strong data-start=\"1434\" data-end=\"1456\">Notre engagement :<\/strong><\/p> <ul data-start=\"1459\" data-end=\"1676\"> <li data-start=\"1459\" data-end=\"1495\"> <p data-start=\"1461\" data-end=\"1495\">Produits performants et durables<\/p> <\/li> <li data-start=\"1496\" data-end=\"1564\"> <p data-start=\"1498\" data-end=\"1564\">Solutions \u00e9cologiques pour le chauffage domestique et industriel<\/p> <\/li> <li data-start=\"1565\" data-end=\"1620\"> <p data-start=\"1567\" data-end=\"1620\">Valorisation des ressources naturelles et recycl\u00e9es<\/p> <\/li> <li data-start=\"1621\" data-end=\"1676\"> <p data-start=\"1623\" data-end=\"1676\">Satisfaction et service client de qualit\u00e9 en France<\/p> <\/li> <\/ul>\n<img loading=\"lazy\" decoding=\"async\" src=\"http:\/\/bionatureflam.com\/wp-content\/uploads\/2026\/01\/ChatGPT-Image-24-janv.-2026-01_19_11-683x1024-560x400.jpg\" width=\"560\" height=\"400\" title=\"ChatGPT Image 24 janv. 2026, 01_19_11\" alt=\"ChatGPT Image 24 janv. 2026, 01_19_11\">\n<h4>Bio Natre FLAM<\/h4> <h5>12 Rue du Clos Saint-Paul 95210 Saint-Gratien France<br>00 337 63 98 07 00<\/h5> <p>\u00a0<\/p>","_links":{"self":[{"href":"http:\/\/bionatureflam.com\/index.php?rest_route=\/wp\/v2\/pages\/26","targetHints":{"allow":["GET"]}}],"collection":[{"href":"http:\/\/bionatureflam.com\/index.php?rest_route=\/wp\/v2\/pages"}],"about":[{"href":"http:\/\/bionatureflam.com\/index.php?rest_route=\/wp\/v2\/types\/page"}],"author":[{"embeddable":true,"href":"http:\/\/bionatureflam.com\/index.php?rest_route=\/wp\/v2\/users\/1"}],"replies":[{"embeddable":true,"href":"http:\/\/bionatureflam.com\/index.php?rest_route=%2Fwp%2Fv2%2Fcomments&post=26"}],"version-history":[{"count":3,"href":"http:\/\/bionatureflam.com\/index.php?rest_route=\/wp\/v2\/pages\/26\/revisions"}],"predecessor-version":[{"id":161,"href":"http:\/\/bionatureflam.com\/index.php?rest_route=\/wp\/v2\/pages\/26\/revisions\/161"}],"wp:attachment":[{"href":"http:\/\/bionatureflam.com\/index.php?rest_route=%2Fwp%2Fv2%2Fmedia&parent=26"}],"curies":[{"name":"wp","href":"https:\/\/api.w.org\/{rel}","templated":true}]}}